{"id":614,"date":"2021-06-25T08:02:07","date_gmt":"2021-06-25T08:02:07","guid":{"rendered":"https:\/\/hydrotech.com.hr\/usluge\/"},"modified":"2021-09-09T17:41:03","modified_gmt":"2021-09-09T17:41:03","slug":"services","status":"publish","type":"page","link":"https:\/\/hydrotech.com.hr\/en\/services\/","title":{"rendered":"Services"},"content":{"rendered":"<p>[vc_row][vc_column][vc_column_text]Na podru\u010dju tehnologije tretmana voda i ekologije pru\u017eamo slijede\u0107e usluge:[\/vc_column_text]<div class=\"cz_gap clr \" style=\"height: 30px\"><\/div><div id=\"cz_19344\" class=\"cz_19344 cz_title clr cz_smart_fs cz_title_ba_line cz_title_pos_inline\"><div class=\"cz_title_content\"><div class=\"cz_wpe_content\"><h3>Consulting and consultancy<\/h3>\n<\/div><div class=\"cz_title_line cz_line_after_title\"><span>_<\/span><\/div><\/div><\/div><ul id=\"cz_83090\" class=\"cz_83090 cz_stylish_list clr cz_sl_icon_hover_zoom_in\"><li class=\"clr\"><div class=\"cz_sl_icon\"><i class=\"fa czico-193-checked mr10\" ><\/i><\/div><div><span>Analiza postoje\u0107eg i budu\u0107eg stanja sustava<\/span><\/div><\/li><li class=\"clr\"><div class=\"cz_sl_icon\"><i class=\"fa czico-193-checked mr10\" ><\/i><\/div><div><span>Analiza mogu\u0107ih varijanti tretmana i pro\u010di\u0161\u0107avanja voda<\/span><\/div><\/li><li class=\"clr\"><div class=\"cz_sl_icon\"><i class=\"fa czico-193-checked mr10\" ><\/i><\/div><div><span>Tehno-ekonomska analiza optimalnog rje\u0161enja<\/span><\/div><\/li><\/ul><div class=\"cz_gap clr \" style=\"height: 30px\"><\/div><div id=\"cz_13480\" class=\"cz_13480 cz_title clr cz_smart_fs cz_title_ba_line cz_title_pos_inline\"><div class=\"cz_title_content\"><div class=\"cz_wpe_content\"><h3>Control and project coordination<\/h3>\n<\/div><div class=\"cz_title_line cz_line_after_title\"><span>_<\/span><\/div><\/div><\/div><div id=\"cz_51074\" class=\"cz_51074 cz_title clr cz_smart_fs cz_title_ba_line cz_title_pos_inline\"><div class=\"cz_title_content\"><div class=\"cz_wpe_content\"><h3>Preliminary and Conceptual deigns<\/h3>\n<\/div><div class=\"cz_title_line cz_line_after_title\"><span>_<\/span><\/div><\/div><\/div><div id=\"cz_43017\" class=\"cz_43017 cz_title clr cz_smart_fs cz_title_ba_line cz_title_pos_inline\"><div class=\"cz_title_content\"><div class=\"cz_wpe_content\"><h3>Process optimization<\/h3>\n<\/div><div class=\"cz_title_line cz_line_after_title\"><span>_<\/span><\/div><\/div><\/div><ul id=\"cz_72914\" class=\"cz_72914 cz_stylish_list clr cz_sl_icon_hover_zoom_in\"><li class=\"clr\"><div class=\"cz_sl_icon\"><i class=\"fa czico-193-checked mr10\" ><\/i><\/div><div><span>Process optimization by introducing flexible and economical solutions with the aim of saving water and energy<\/span><\/div><\/li><\/ul><div class=\"cz_gap clr \" style=\"height: 30px\"><\/div><div id=\"cz_92051\" class=\"cz_92051 cz_title clr cz_smart_fs cz_title_ba_line cz_title_pos_inline\"><div class=\"cz_title_content\"><div class=\"cz_wpe_content\"><h3>Reconstruction and modernization of existing systems<\/h3>\n<\/div><div class=\"cz_title_line cz_line_after_title\"><span>_<\/span><\/div><\/div><\/div><div id=\"cz_28927\" class=\"cz_28927 cz_title clr cz_smart_fs cz_title_ba_line cz_title_pos_inline\"><div class=\"cz_title_content\"><div class=\"cz_wpe_content\"><h3>Engineering and equipment installation<\/h3>\n<\/div><div class=\"cz_title_line cz_line_after_title\"><span>_<\/span><\/div><\/div><\/div><ul id=\"cz_54819\" class=\"cz_54819 cz_stylish_list clr cz_sl_icon_hover_zoom_in\"><li class=\"clr\"><div class=\"cz_sl_icon\"><i class=\"fa czico-193-checked mr10\" ><\/i><\/div><div><span>Determining the optimal location for equipment placement<\/span><\/div><\/li><li class=\"clr\"><div class=\"cz_sl_icon\"><i class=\"fa czico-193-checked mr10\" ><\/i><\/div><div><span>Technological supervision over the installation of equipment<\/span><\/div><\/li><li class=\"clr\"><div class=\"cz_sl_icon\"><i class=\"fa czico-193-checked mr10\" ><\/i><\/div><div><span>Installation of equipment and commissioning<\/span><\/div><\/li><\/ul><div class=\"cz_gap clr \" style=\"height: 30px\"><\/div><div id=\"cz_61657\" class=\"cz_61657 cz_title clr cz_smart_fs cz_title_ba_line cz_title_pos_inline\"><div class=\"cz_title_content\"><div class=\"cz_wpe_content\"><h3>After-sales support<\/h3>\n<\/div><div class=\"cz_title_line cz_line_after_title\"><span>_<\/span><\/div><\/div><\/div><ul id=\"cz_49032\" class=\"cz_49032 cz_stylish_list clr cz_sl_icon_hover_zoom_in\"><li class=\"clr\"><div class=\"cz_sl_icon\"><i class=\"fa czico-193-checked mr10\" ><\/i><\/div><div><span>Staff training<\/span><\/div><\/li><li class=\"clr\"><div class=\"cz_sl_icon\"><i class=\"fa czico-193-checked mr10\" ><\/i><\/div><div><span>Assistance in the operation and management of the plant (field and remote control)<\/span><\/div><\/li><\/ul><div class=\"cz_gap clr \" style=\"height: 30px\"><\/div><div id=\"cz_38011\" class=\"cz_38011 cz_title clr cz_smart_fs cz_title_ba_line cz_title_pos_inline\"><div class=\"cz_title_content\"><div class=\"cz_wpe_content\"><h3>Outsourcing service<\/h3>\n<\/div><div class=\"cz_title_line cz_line_after_title\"><span>_<\/span><\/div><\/div><\/div><ul id=\"cz_38955\" class=\"cz_38955 cz_stylish_list clr cz_sl_icon_hover_zoom_in\"><li class=\"clr\"><div class=\"cz_sl_icon\"><i class=\"fa czico-193-checked mr10\" ><\/i><\/div><div><span>Service and maintenance of devices and plants<\/span><\/div><\/li><li class=\"clr\"><div class=\"cz_sl_icon\"><i class=\"fa czico-193-checked mr10\" ><\/i><\/div><div><span>Rental of devices for industrial tests and piloting<\/span><\/div><\/li><\/ul>[\/vc_column][\/vc_row]<\/p>\n","protected":false},"excerpt":{"rendered":"<p>[vc_row][vc_column][vc_column_text]Na podru\u010dju tehnologije tretmana voda i ekologije pru\u017eamo slijede\u0107e usluge:[\/vc_column_text][\/vc_column][\/vc_row] &#8230; <\/p>\n","protected":false},"author":1,"featured_media":0,"parent":0,"menu_order":0,"comment_status":"closed","ping_status":"closed","template":"","meta":[],"categories":[],"tags":[],"yoast_head":"<!-- This site is optimized with the Yoast SEO plugin v17.2 - https:\/\/yoast.com\/wordpress\/plugins\/seo\/ -->\n<title>Services - HydroTech Consulting - Engineering<\/title>\n<meta name=\"robots\" content=\"index, follow, max-snippet:-1, max-image-preview:large, max-video-preview:-1\" \/>\n<link rel=\"canonical\" href=\"https:\/\/hydrotech.com.hr\/en\/services\/\" \/>\n<meta property=\"og:locale\" content=\"en_US\" \/>\n<meta property=\"og:type\" content=\"article\" \/>\n<meta property=\"og:title\" content=\"Services - HydroTech Consulting - Engineering\" \/>\n<meta property=\"og:description\" content=\"[vc_row][vc_column][vc_column_text]Na podru\u010dju tehnologije tretmana voda i ekologije pru\u017eamo slijede\u0107e usluge:[\/vc_column_text][\/vc_column][\/vc_row] ...\" \/>\n<meta property=\"og:url\" content=\"https:\/\/hydrotech.com.hr\/en\/services\/\" \/>\n<meta property=\"og:site_name\" content=\"HydroTech Consulting - Engineering\" \/>\n<meta property=\"article:modified_time\" content=\"2021-09-09T17:41:03+00:00\" \/>\n<meta name=\"twitter:card\" content=\"summary_large_image\" \/>\n<meta name=\"twitter:label1\" content=\"Est. reading time\" \/>\n\t<meta name=\"twitter:data1\" content=\"3 minutes\" \/>\n<script type=\"application\/ld+json\" class=\"yoast-schema-graph\">{\"@context\":\"https:\/\/schema.org\",\"@graph\":[{\"@type\":\"WebSite\",\"@id\":\"https:\/\/hydrotech.com.hr\/#website\",\"url\":\"https:\/\/hydrotech.com.hr\/\",\"name\":\"HydroTech Consulting - Engineering\",\"description\":\"Idejno rje\\u0161enje web stranice\",\"potentialAction\":[{\"@type\":\"SearchAction\",\"target\":{\"@type\":\"EntryPoint\",\"urlTemplate\":\"https:\/\/hydrotech.com.hr\/?s={search_term_string}\"},\"query-input\":\"required name=search_term_string\"}],\"inLanguage\":\"en-US\"},{\"@type\":\"WebPage\",\"@id\":\"https:\/\/hydrotech.com.hr\/en\/services\/#webpage\",\"url\":\"https:\/\/hydrotech.com.hr\/en\/services\/\",\"name\":\"Services - HydroTech Consulting - Engineering\",\"isPartOf\":{\"@id\":\"https:\/\/hydrotech.com.hr\/#website\"},\"datePublished\":\"2021-06-25T08:02:07+00:00\",\"dateModified\":\"2021-09-09T17:41:03+00:00\",\"breadcrumb\":{\"@id\":\"https:\/\/hydrotech.com.hr\/en\/services\/#breadcrumb\"},\"inLanguage\":\"en-US\",\"potentialAction\":[{\"@type\":\"ReadAction\",\"target\":[\"https:\/\/hydrotech.com.hr\/en\/services\/\"]}]},{\"@type\":\"BreadcrumbList\",\"@id\":\"https:\/\/hydrotech.com.hr\/en\/services\/#breadcrumb\",\"itemListElement\":[{\"@type\":\"ListItem\",\"position\":1,\"name\":\"Po\\u010detna stranica\",\"item\":\"https:\/\/hydrotech.com.hr\/en\/\"},{\"@type\":\"ListItem\",\"position\":2,\"name\":\"Services\"}]}]}<\/script>\n<!-- \/ Yoast SEO plugin. -->","yoast_head_json":{"title":"Services - HydroTech Consulting - Engineering","robots":{"index":"index","follow":"follow","max-snippet":"max-snippet:-1","max-image-preview":"max-image-preview:large","max-video-preview":"max-video-preview:-1"},"canonical":"https:\/\/hydrotech.com.hr\/en\/services\/","og_locale":"en_US","og_type":"article","og_title":"Services - HydroTech Consulting - Engineering","og_description":"[vc_row][vc_column][vc_column_text]Na podru\u010dju tehnologije tretmana voda i ekologije pru\u017eamo slijede\u0107e usluge:[\/vc_column_text][\/vc_column][\/vc_row] ...","og_url":"https:\/\/hydrotech.com.hr\/en\/services\/","og_site_name":"HydroTech Consulting - Engineering","article_modified_time":"2021-09-09T17:41:03+00:00","twitter_card":"summary_large_image","twitter_misc":{"Est. reading time":"3 minutes"},"schema":{"@context":"https:\/\/schema.org","@graph":[{"@type":"WebSite","@id":"https:\/\/hydrotech.com.hr\/#website","url":"https:\/\/hydrotech.com.hr\/","name":"HydroTech Consulting - Engineering","description":"Idejno rje\u0161enje web stranice","potentialAction":[{"@type":"SearchAction","target":{"@type":"EntryPoint","urlTemplate":"https:\/\/hydrotech.com.hr\/?s={search_term_string}"},"query-input":"required name=search_term_string"}],"inLanguage":"en-US"},{"@type":"WebPage","@id":"https:\/\/hydrotech.com.hr\/en\/services\/#webpage","url":"https:\/\/hydrotech.com.hr\/en\/services\/","name":"Services - HydroTech Consulting - Engineering","isPartOf":{"@id":"https:\/\/hydrotech.com.hr\/#website"},"datePublished":"2021-06-25T08:02:07+00:00","dateModified":"2021-09-09T17:41:03+00:00","breadcrumb":{"@id":"https:\/\/hydrotech.com.hr\/en\/services\/#breadcrumb"},"inLanguage":"en-US","potentialAction":[{"@type":"ReadAction","target":["https:\/\/hydrotech.com.hr\/en\/services\/"]}]},{"@type":"BreadcrumbList","@id":"https:\/\/hydrotech.com.hr\/en\/services\/#breadcrumb","itemListElement":[{"@type":"ListItem","position":1,"name":"Po\u010detna stranica","item":"https:\/\/hydrotech.com.hr\/en\/"},{"@type":"ListItem","position":2,"name":"Services"}]}]}},"_links":{"self":[{"href":"https:\/\/hydrotech.com.hr\/en\/wp-json\/wp\/v2\/pages\/614"}],"collection":[{"href":"https:\/\/hydrotech.com.hr\/en\/wp-json\/wp\/v2\/pages"}],"about":[{"href":"https:\/\/hydrotech.com.hr\/en\/wp-json\/wp\/v2\/types\/page"}],"author":[{"embeddable":true,"href":"https:\/\/hydrotech.com.hr\/en\/wp-json\/wp\/v2\/users\/1"}],"replies":[{"embeddable":true,"href":"https:\/\/hydrotech.com.hr\/en\/wp-json\/wp\/v2\/comments?post=614"}],"version-history":[{"count":2,"href":"https:\/\/hydrotech.com.hr\/en\/wp-json\/wp\/v2\/pages\/614\/revisions"}],"predecessor-version":[{"id":616,"href":"https:\/\/hydrotech.com.hr\/en\/wp-json\/wp\/v2\/pages\/614\/revisions\/616"}],"wp:attachment":[{"href":"https:\/\/hydrotech.com.hr\/en\/wp-json\/wp\/v2\/media?parent=614"}],"wp:term":[{"taxonomy":"category","embeddable":true,"href":"https:\/\/hydrotech.com.hr\/en\/wp-json\/wp\/v2\/categories?post=614"},{"taxonomy":"post_tag","embeddable":true,"href":"https:\/\/hydrotech.com.hr\/en\/wp-json\/wp\/v2\/tags?post=614"}],"curies":[{"name":"wp","href":"https:\/\/api.w.org\/{rel}","templated":true}]}}