{"id":604,"date":"2021-02-23T08:53:21","date_gmt":"2021-02-23T08:53:21","guid":{"rendered":"https:\/\/hydrotech.com.hr\/kontakt\/"},"modified":"2021-09-13T09:17:03","modified_gmt":"2021-09-13T09:17:03","slug":"contact","status":"publish","type":"page","link":"https:\/\/hydrotech.com.hr\/en\/contact\/","title":{"rendered":"Contact"},"content":{"rendered":"<p>[vc_row full_width=&#8221;stretch_row&#8221;][vc_column width=&#8221;5\/12&#8243;]<div class=\"cz_gap clr \" style=\"height: 70px\"><\/div><div id=\"cz_50885\" class=\"cz_50885 cz_title clr cz_title_ba_line cz_title_pos_center tac\"><div class=\"cz_title_content\"><div class=\"cz_title_line cz_line_before_title\"><span>_<\/span><\/div><div class=\"cz_wpe_content\"><h5 style=\"text-align: center;\">WE ARE AVAILABLE FOR ALL ADDITIONAL QUESTIONS<\/h5>\n<h2 style=\"text-align: center; color: #3eb8fb;\">HAVE A QUESTION?<\/h2>\n<\/div><\/div><\/div><div id=\"cz_63075\" class=\"cz_63075 cz_cf7 clr\"><div><div role=\"form\" class=\"wpcf7\" id=\"wpcf7-f489-o1\" lang=\"hr\" dir=\"ltr\">\n<div class=\"screen-reader-response\"><p role=\"status\" aria-live=\"polite\" aria-atomic=\"true\"><\/p> <ul><\/ul><\/div>\n<form action=\"\/en\/wp-json\/wp\/v2\/pages\/604#wpcf7-f489-o1\" method=\"post\" class=\"wpcf7-form init\" novalidate=\"novalidate\" data-status=\"init\">\n<div style=\"display: none;\">\n<input type=\"hidden\" name=\"_wpcf7\" value=\"489\" \/>\n<input type=\"hidden\" name=\"_wpcf7_version\" value=\"5.4.2\" \/>\n<input type=\"hidden\" name=\"_wpcf7_locale\" value=\"hr\" \/>\n<input type=\"hidden\" name=\"_wpcf7_unit_tag\" value=\"wpcf7-f489-o1\" \/>\n<input type=\"hidden\" name=\"_wpcf7_container_post\" value=\"0\" \/>\n<input type=\"hidden\" name=\"_wpcf7_posted_data_hash\" value=\"\" \/>\n<input type=\"hidden\" name=\"_wpcf7_recaptcha_response\" value=\"\" \/>\n<\/div>\n<p><span class=\"wpcf7-form-control-wrap your-name\"><input type=\"text\" name=\"your-name\" value=\"\" size=\"40\" class=\"wpcf7-form-control wpcf7-text wpcf7-validates-as-required\" aria-required=\"true\" aria-invalid=\"false\" placeholder=\"Your name (*)\" \/><\/span><\/p>\n<p><span class=\"wpcf7-form-control-wrap your-email\"><input type=\"email\" name=\"your-email\" value=\"\" size=\"40\" class=\"wpcf7-form-control wpcf7-text wpcf7-email wpcf7-validates-as-required wpcf7-validates-as-email\" aria-required=\"true\" aria-invalid=\"false\" placeholder=\"Your e-mail (*)\" \/><\/span><\/p>\n<p><span class=\"wpcf7-form-control-wrap your-subject\"><input type=\"text\" name=\"your-subject\" value=\"\" size=\"40\" class=\"wpcf7-form-control wpcf7-text wpcf7-validates-as-required\" aria-required=\"true\" aria-invalid=\"false\" placeholder=\"Your phone number (*)\" \/><\/span><\/p>\n<p><span class=\"wpcf7-form-control-wrap your-message\"><textarea name=\"your-message\" cols=\"40\" rows=\"10\" class=\"wpcf7-form-control wpcf7-textarea\" aria-invalid=\"false\" placeholder=\"Message\"><\/textarea><\/span> <\/p>\n<p><span class=\"wpcf7-form-control-wrap your-consent\"><span class=\"wpcf7-form-control wpcf7-acceptance\"><span class=\"wpcf7-list-item\"><label><input type=\"checkbox\" name=\"your-consent\" value=\"1\" aria-invalid=\"false\" \/><span class=\"wpcf7-list-item-label\">I accept the storage of my data for the purpose that my inquiry can be answered.<\/span><\/label><\/span><\/span><\/span><\/p>\n<p> You can read our Privacy statement <a href='https:\/\/hydrotech.com.hr\/en\/privacy-statement\/'>here<\/a>. This site is protected by reCAPTCHA and the Google <a target=\"_blank\" href=\"https:\/\/policies.google.com\/privacy\">Privacy Policy<\/a> and <a target=\"_blank\" href=\"https:\/\/policies.google.com\/terms\">Terms of Service<\/a> apply.<\/p>\n<p><input type=\"submit\" value=\"Send\" class=\"wpcf7-form-control wpcf7-submit\" \/><\/p>\n<div class=\"wpcf7-response-output\" aria-hidden=\"true\"><\/div><\/form><\/div><\/div><\/div>[\/vc_column][vc_column width=&#8221;7\/12&#8243;]<div class=\"cz_eqh cz_content_box_parent_fx  \"><div id=\"cz_110564\" class=\"cz_110564 cz_content_box clr\"><div class=\"cz_box_front clr\"><div class=\"cz_box_front_inner clr cz_content_box_full_after\"><span><\/span><div><div id=\"cz_91753\" class=\"cz_91753 cz_title clr cz_smart_fs cz_title_pos_inline\"><div class=\"cz_title_content\"><span class=\"cz_line_side_solo\">_<\/span><div class=\"cz_wpe_content\"><h2 style=\"text-align: left;\">HydroTech<\/h2>\n<h4 style=\"text-align: left;\"><span style=\"color: #0069b5;\">Consulting &#8211; Engineering d.o.o.<\/span><\/h4>\n<\/div><\/div><\/div><div id=\"cz_38296\" class=\"cz_38296 services clr style1 cz_sbi_fx_11 left\"><div class=\"service_custom\"><i class=\"fa czico-082-maps-and-flags\"><\/i><\/div><div class=\"service_text\"><h3>ADDRESS (office)<\/h3><div class=\"cz_wpe_content\">Dragutina Mandla 1, HR-10000 Zagreb<\/div><\/div><\/div><div id=\"cz_65485\" class=\"cz_65485 services clr style1 cz_sbi_fx_11 left\"><div class=\"service_custom\"><i class=\"fa czico-082-maps-and-flags\"><\/i><\/div><div class=\"service_text\"><h3>ADDRESS (headquarters)<\/h3><div class=\"cz_wpe_content\">Vrani\u0107eva 13, HR-10000 Zagreb<\/div><\/div><\/div><a href=\"tel:+385976554616\"><div id=\"cz_81407\" class=\"cz_81407 services clr style1 cz_sbi_fx_11 left\"><div class=\"service_custom\"><i class=\"fas fa-phone-volume\"><\/i><\/div><div class=\"service_text\"><h3>PHONE<\/h3><div class=\"cz_wpe_content\">+385 97 655 4616<\/div><\/div><\/div><\/a><a href=\"mailto:info@hydrotech.com.hr\"><div id=\"cz_20492\" class=\"cz_20492 services clr style1 cz_sbi_fx_11 left\"><div class=\"service_custom\"><i class=\"far fa-envelope\"><\/i><\/div><div class=\"service_text\"><h3>E-MAIL<\/h3><div class=\"cz_wpe_content\">info@hydrotech.com.hr<\/div><\/div><\/div><\/a><div id=\"cz_73314\" data-arrows='{\"open\":\"fa fa-angle-double-right\",\"close\":\"fa fa-angle-double-down\"}' class=\"cz_73314 cz_acc clr cz_acc_toggle\"><div><div id=\"\"><span class=\"cz_acc_child\"><div>Impressum<\/div><\/span><div class=\"cz_acc_child_content clr\">[vc_column_text]<\/p>\n<table border=\"1\">\n<tbody>\n<tr>\n<td><strong>Naziv tvrtke:<\/strong><\/td>\n<\/tr>\n<tr>\n<td>HydroTech Consulting &#8211; Engineering dru\u0161tvo s ograni\u010denom odgovorno\u0161\u0107u za usluge<\/td>\n<\/tr>\n<tr>\n<td><strong>Skra\u0107eni naziv tvrtke:<\/strong><\/td>\n<\/tr>\n<tr>\n<td>HydroTech Consulting &#8211; Engineering d.o.o.<\/td>\n<\/tr>\n<tr>\n<td><strong>OIB:<\/strong><\/td>\n<\/tr>\n<tr>\n<td>70451099033<\/td>\n<\/tr>\n<tr>\n<td><strong>MB:<\/strong><\/td>\n<\/tr>\n<tr>\n<td>04553349<\/td>\n<\/tr>\n<tr>\n<td><strong>Sjedi\u0161te tvrtke:<\/strong><\/td>\n<\/tr>\n<tr>\n<td>Vrani\u0107eva 13, 10000 Zagreb, Hrvatska<\/td>\n<\/tr>\n<tr>\n<td><strong>Sud kod kojeg je tvrtka upisana u Sudski registar:<\/strong><\/td>\n<\/tr>\n<tr>\n<td>Trgova\u010dki sud u Zagrebu<\/td>\n<\/tr>\n<tr>\n<td><strong>Broj pod kojim je tvrtka upisana u Sudski registar:<\/strong><\/td>\n<\/tr>\n<tr>\n<td>081014463<\/td>\n<\/tr>\n<tr>\n<td><strong>Bankovni ra\u010duni:<\/strong><\/td>\n<\/tr>\n<tr>\n<td><strong>IBAN:<br \/>\n<\/strong><\/td>\n<\/tr>\n<tr>\n<td><strong>IBAN:<br \/>\n<\/strong><\/td>\n<\/tr>\n<tr>\n<td>BANKA d.d.<\/td>\n<\/tr>\n<tr>\n<td><strong>\u010clan Uprave dru\u0161tva: <\/strong><\/td>\n<\/tr>\n<tr>\n<td>Mirna Horvat<\/td>\n<\/tr>\n<tr>\n<td><strong>Iznos temeljnog kapitala:<\/strong><\/td>\n<\/tr>\n<tr>\n<td>20.000,00 kn upla\u0107en u cijelosti<\/td>\n<\/tr>\n<\/tbody>\n<\/table>\n<p>[\/vc_column_text]<\/div><\/div><\/div><\/div><\/div><\/div><\/div><\/div><\/div>[\/vc_column][\/vc_row][vc_row full_width=&#8221;stretch_row_content_no_spaces&#8221;][vc_column]<div id=\"cz_66989\" class=\"cz_66989 gmap\" data-api-key=\"AIzaSyAXUGvTnrS-OmTc2ABgfTAmqcq4pln9_Js\"> <\/div><div ><\/div><script type=\"text\/javascript\">\n\t\t\tfunction mapfucntion_cz_66989() {\n\n\t\t\t\tgoogle.maps.Map.prototype.setCenterWithOffset= function(latlng, offsetX, offsetY) {\n\t\t\t\t    var map = this;\n\t\t\t\t    var ov = new google.maps.OverlayView();\n\t\t\t\t    ov.onAdd = function() {\n\t\t\t\t        var proj = this.getProjection();\n\t\t\t\t        var aPoint = proj.fromLatLngToContainerPixel(latlng);\n\t\t\t\t        aPoint.x = aPoint.x+offsetX;\n\t\t\t\t        aPoint.y = aPoint.y+offsetY;\n\t\t\t\t        map.setCenter(proj.fromContainerPixelToLatLng(aPoint));\n\t\t\t\t    }; \n\t\t\t\t    ov.draw = function() {}; \n\t\t\t\t    ov.setMap(this); \n\t\t\t\t};\n\n\t\t\t\tvar windx = jQuery(window), \n\n\t\t\t\t\tlatlng = new google.maps.LatLng(45.821140, 16.040830),\n\n\t\t\t\t\tmyOptions = {\n\t\t\t\t\t\tzoom: 14,\n\t\t\t\t\t\tscrollwheel: false,\n\t\t\t\t\t\tdisableDefaultUI: false,\n\t\t\t\t\t\tcenter: latlng\n\t\t\t\t\t},\n\n\t\t\t\t\tcz_66989 = new google.maps.Map(document.getElementById(\"cz_66989\"),\n\t\t\t\t\tmyOptions),\n\n\t\t\t\t\tsetCenterOffset = function() {\n\n\t\t\t\t\t\tif ( windx.width() < 768 ) {\n\t\t\t\t\t\t\tcz_66989.setCenterWithOffset( latlng, 0, 0 );\n\t\t\t\t\t\t} else {\n\t\t\t\t\t\t\tcz_66989.setCenterWithOffset( latlng, 0, 0 );\n\t\t\t\t\t\t}\n\n\t\t\t\t\t};\n\n\t\t\t\tsetCenterOffset();\n\n\t\t\t\twindx.on( \"resize\", function() {\n\t\t\t\t\tsetCenterOffset();\n\t\t\t\t});\n\t\t\tvar image = \"https:\/\/hydrotech.com.hr\/wp-content\/uploads\/2021\/06\/map-pin.png\";var marker = new google.maps.Marker({map: cz_66989,icon: image,position: cz_66989.getCenter()});}<\/script>[\/vc_column][\/vc_row]<\/p>\n","protected":false},"excerpt":{"rendered":"<p>[vc_row full_width=&#8221;stretch_row&#8221;][vc_column width=&#8221;5\/12&#8243;][\/vc_column][vc_column width=&#8221;7\/12&#8243;][\/vc_column][\/vc_row][vc_row full_width=&#8221;stretch_row_content_no_spaces&#8221;][vc_column][\/vc_column][\/vc_row] &#8230; <\/p>\n","protected":false},"author":1,"featured_media":0,"parent":0,"menu_order":0,"comment_status":"closed","ping_status":"closed","template":"","meta":[],"categories":[],"tags":[],"yoast_head":"<!-- This site is optimized with the Yoast SEO plugin v17.2 - https:\/\/yoast.com\/wordpress\/plugins\/seo\/ -->\n<title>Contact - HydroTech Consulting - Engineering<\/title>\n<meta name=\"robots\" content=\"index, follow, max-snippet:-1, max-image-preview:large, max-video-preview:-1\" \/>\n<link rel=\"canonical\" href=\"https:\/\/hydrotech.com.hr\/en\/contact\/\" \/>\n<meta property=\"og:locale\" content=\"en_US\" \/>\n<meta property=\"og:type\" content=\"article\" \/>\n<meta property=\"og:title\" content=\"Contact - HydroTech Consulting - Engineering\" \/>\n<meta property=\"og:description\" content=\"[vc_row full_width=&#8221;stretch_row&#8221;][vc_column width=&#8221;5\/12&#8243;][\/vc_column][vc_column width=&#8221;7\/12&#8243;][\/vc_column][\/vc_row][vc_row full_width=&#8221;stretch_row_content_no_spaces&#8221;][vc_column][\/vc_column][\/vc_row] ...\" \/>\n<meta property=\"og:url\" content=\"https:\/\/hydrotech.com.hr\/en\/contact\/\" \/>\n<meta property=\"og:site_name\" content=\"HydroTech Consulting - Engineering\" \/>\n<meta property=\"article:modified_time\" content=\"2021-09-13T09:17:03+00:00\" \/>\n<meta name=\"twitter:card\" content=\"summary_large_image\" \/>\n<meta name=\"twitter:label1\" content=\"Est. reading time\" \/>\n\t<meta name=\"twitter:data1\" content=\"4 minutes\" \/>\n<script type=\"application\/ld+json\" class=\"yoast-schema-graph\">{\"@context\":\"https:\/\/schema.org\",\"@graph\":[{\"@type\":\"WebSite\",\"@id\":\"https:\/\/hydrotech.com.hr\/#website\",\"url\":\"https:\/\/hydrotech.com.hr\/\",\"name\":\"HydroTech Consulting - Engineering\",\"description\":\"Idejno rje\\u0161enje web stranice\",\"potentialAction\":[{\"@type\":\"SearchAction\",\"target\":{\"@type\":\"EntryPoint\",\"urlTemplate\":\"https:\/\/hydrotech.com.hr\/?s={search_term_string}\"},\"query-input\":\"required name=search_term_string\"}],\"inLanguage\":\"en-US\"},{\"@type\":\"WebPage\",\"@id\":\"https:\/\/hydrotech.com.hr\/en\/contact\/#webpage\",\"url\":\"https:\/\/hydrotech.com.hr\/en\/contact\/\",\"name\":\"Contact - HydroTech Consulting - Engineering\",\"isPartOf\":{\"@id\":\"https:\/\/hydrotech.com.hr\/#website\"},\"datePublished\":\"2021-02-23T08:53:21+00:00\",\"dateModified\":\"2021-09-13T09:17:03+00:00\",\"breadcrumb\":{\"@id\":\"https:\/\/hydrotech.com.hr\/en\/contact\/#breadcrumb\"},\"inLanguage\":\"en-US\",\"potentialAction\":[{\"@type\":\"ReadAction\",\"target\":[\"https:\/\/hydrotech.com.hr\/en\/contact\/\"]}]},{\"@type\":\"BreadcrumbList\",\"@id\":\"https:\/\/hydrotech.com.hr\/en\/contact\/#breadcrumb\",\"itemListElement\":[{\"@type\":\"ListItem\",\"position\":1,\"name\":\"Po\\u010detna stranica\",\"item\":\"https:\/\/hydrotech.com.hr\/en\/\"},{\"@type\":\"ListItem\",\"position\":2,\"name\":\"Contact\"}]}]}<\/script>\n<!-- \/ Yoast SEO plugin. -->","yoast_head_json":{"title":"Contact - HydroTech Consulting - Engineering","robots":{"index":"index","follow":"follow","max-snippet":"max-snippet:-1","max-image-preview":"max-image-preview:large","max-video-preview":"max-video-preview:-1"},"canonical":"https:\/\/hydrotech.com.hr\/en\/contact\/","og_locale":"en_US","og_type":"article","og_title":"Contact - HydroTech Consulting - Engineering","og_description":"[vc_row full_width=&#8221;stretch_row&#8221;][vc_column width=&#8221;5\/12&#8243;][\/vc_column][vc_column width=&#8221;7\/12&#8243;][\/vc_column][\/vc_row][vc_row full_width=&#8221;stretch_row_content_no_spaces&#8221;][vc_column][\/vc_column][\/vc_row] ...","og_url":"https:\/\/hydrotech.com.hr\/en\/contact\/","og_site_name":"HydroTech Consulting - Engineering","article_modified_time":"2021-09-13T09:17:03+00:00","twitter_card":"summary_large_image","twitter_misc":{"Est. reading time":"4 minutes"},"schema":{"@context":"https:\/\/schema.org","@graph":[{"@type":"WebSite","@id":"https:\/\/hydrotech.com.hr\/#website","url":"https:\/\/hydrotech.com.hr\/","name":"HydroTech Consulting - Engineering","description":"Idejno rje\u0161enje web stranice","potentialAction":[{"@type":"SearchAction","target":{"@type":"EntryPoint","urlTemplate":"https:\/\/hydrotech.com.hr\/?s={search_term_string}"},"query-input":"required name=search_term_string"}],"inLanguage":"en-US"},{"@type":"WebPage","@id":"https:\/\/hydrotech.com.hr\/en\/contact\/#webpage","url":"https:\/\/hydrotech.com.hr\/en\/contact\/","name":"Contact - HydroTech Consulting - Engineering","isPartOf":{"@id":"https:\/\/hydrotech.com.hr\/#website"},"datePublished":"2021-02-23T08:53:21+00:00","dateModified":"2021-09-13T09:17:03+00:00","breadcrumb":{"@id":"https:\/\/hydrotech.com.hr\/en\/contact\/#breadcrumb"},"inLanguage":"en-US","potentialAction":[{"@type":"ReadAction","target":["https:\/\/hydrotech.com.hr\/en\/contact\/"]}]},{"@type":"BreadcrumbList","@id":"https:\/\/hydrotech.com.hr\/en\/contact\/#breadcrumb","itemListElement":[{"@type":"ListItem","position":1,"name":"Po\u010detna stranica","item":"https:\/\/hydrotech.com.hr\/en\/"},{"@type":"ListItem","position":2,"name":"Contact"}]}]}},"_links":{"self":[{"href":"https:\/\/hydrotech.com.hr\/en\/wp-json\/wp\/v2\/pages\/604"}],"collection":[{"href":"https:\/\/hydrotech.com.hr\/en\/wp-json\/wp\/v2\/pages"}],"about":[{"href":"https:\/\/hydrotech.com.hr\/en\/wp-json\/wp\/v2\/types\/page"}],"author":[{"embeddable":true,"href":"https:\/\/hydrotech.com.hr\/en\/wp-json\/wp\/v2\/users\/1"}],"replies":[{"embeddable":true,"href":"https:\/\/hydrotech.com.hr\/en\/wp-json\/wp\/v2\/comments?post=604"}],"version-history":[{"count":4,"href":"https:\/\/hydrotech.com.hr\/en\/wp-json\/wp\/v2\/pages\/604\/revisions"}],"predecessor-version":[{"id":714,"href":"https:\/\/hydrotech.com.hr\/en\/wp-json\/wp\/v2\/pages\/604\/revisions\/714"}],"wp:attachment":[{"href":"https:\/\/hydrotech.com.hr\/en\/wp-json\/wp\/v2\/media?parent=604"}],"wp:term":[{"taxonomy":"category","embeddable":true,"href":"https:\/\/hydrotech.com.hr\/en\/wp-json\/wp\/v2\/categories?post=604"},{"taxonomy":"post_tag","embeddable":true,"href":"https:\/\/hydrotech.com.hr\/en\/wp-json\/wp\/v2\/tags?post=604"}],"curies":[{"name":"wp","href":"https:\/\/api.w.org\/{rel}","templated":true}]}}