{"id":539,"date":"2021-07-08T12:06:48","date_gmt":"2021-07-08T12:06:48","guid":{"rendered":"https:\/\/hydrotech.com.hr\/obrada-otpadne-vode\/"},"modified":"2021-09-22T09:35:25","modified_gmt":"2021-09-22T09:35:25","slug":"wastewater-treatment","status":"publish","type":"page","link":"https:\/\/hydrotech.com.hr\/en\/applications\/wastewater-treatment\/","title":{"rendered":"Wastewater treatment"},"content":{"rendered":"<p>[vc_row content_placement=&#8221;middle&#8221;][vc_column width=&#8221;1\/2&#8243;][vc_column_text]Kako mo\u017eemo u\u010dinkovito koristiti vodu, u\u010diniti je dostupnom i pritom za\u0161tititi okoli\u0161? Koriste\u0107i tehnologije kaje omogu\u0107avaju odr\u017eivo upravljanje vodama i u\u010dinkovit tretman vode.<\/p>\n<p>Recikliranje i pro\u010di\u0161\u0107avanje otpadnih voda klju\u010dni je izazov na\u0161eg vremena. Rje\u0161enja su posebno potrebna u regijama u kojima nema dovoljno vode kako bi se ovaj dragocjeni resurs u\u010dinio dostupnim i upotrebljivim.[\/vc_column_text][\/vc_column][vc_column width=&#8221;1\/2&#8243;]<div id=\"cz_107028\" class=\"cz_107028 cz_image clr cz_image_no_fx center_on_mobile\"><div class=\"cz_svg_bg\" ><div class=\"cz_image_in\"><div class=\"cz_main_image\"><img width=\"800\" height=\"450\" src=\"data:image\/svg+xml,%3Csvg%20xmlns%3D&#39;http%3A%2F%2Fwww.w3.org%2F2000%2Fsvg&#39;%20width=&#39;800&#39;%20height=&#39;450&#39;%20viewBox%3D&#39;0%200%20800%20450&#39;%2F%3E\" data-czlz data-src=\"https:\/\/hydrotech.com.hr\/wp-content\/uploads\/2021\/06\/obrada-otpadnih-voda-i-reus-1.jpg\" class=\"attachment-full\" alt=\"Obrada otpadnih voda i reus\" data-srcset=\"https:\/\/hydrotech.com.hr\/wp-content\/uploads\/2021\/06\/obrada-otpadnih-voda-i-reus-1.jpg 800w, https:\/\/hydrotech.com.hr\/wp-content\/uploads\/2021\/06\/obrada-otpadnih-voda-i-reus-1-300x169.jpg 300w, https:\/\/hydrotech.com.hr\/wp-content\/uploads\/2021\/06\/obrada-otpadnih-voda-i-reus-1-768x432.jpg 768w, https:\/\/hydrotech.com.hr\/wp-content\/uploads\/2021\/06\/obrada-otpadnih-voda-i-reus-1-600x338.jpg 600w\" data-sizes=\"(max-width: 800px) 100vw, 800px\" \/><\/div><\/div><\/div><\/div>[\/vc_column][\/vc_row][vc_row full_width=&#8221;stretch_row&#8221; css=&#8221;.vc_custom_1624620393299{margin-top: 60px !important;padding-top: 60px !important;padding-bottom: 60px !important;background-color: #f4f4f4 !important;}&#8221;][vc_column]<div id=\"cz_52046\" class=\"cz_52046 cz_title clr cz_smart_fs cz_title_ba_line cz_title_pos_inline\"><div class=\"cz_title_content\"><div class=\"cz_wpe_content\"><h3>Applied techniques:<\/h3>\n<\/div><div class=\"cz_title_line cz_line_after_title\"><span>_<\/span><\/div><\/div><\/div><div class=\"cz_gap clr \" style=\"height: 20px\"><\/div><div id=\"cz6428\" class=\"cz6428 slick arrows_mlr no_dots\" data-slick='{\"selector\":\"\",\"slidesToShow\":4,\"slidesToScroll\":1,\"rows\":1,\"fade\":false,\"vertical\":false,\"verticalSwiping\":false,\"infinite\":false,\"speed\":1000,\"swipeToSlide\":true,\"centerMode\":false,\"centerPadding\":\"\",\"variableWidth\":false,\"autoplay\":false,\"autoplaySpeed\":4000,\"dots\":true,\"adaptiveHeight\":false,\"prevArrow\":\"<button type=\\\"button\\\" class=\\\"slick-prev\\\" aria-label=\\\"Previous\\\"><i class=\\\"fa fa-chevron-left\\\"><\\\/i><\\\/button>\",\"nextArrow\":\"<button type=\\\"button\\\" class=\\\"slick-next\\\" aria-label=\\\"Next\\\"><i class=\\\"fa fa-chevron-right\\\"><\\\/i><\\\/button>\",\"responsive\":[{\"breakpoint\":769,\"settings\":{\"slidesToShow\":2,\"slidesToScroll\":1,\"touchMove\":true}},{\"breakpoint\":481,\"settings\":{\"slidesToShow\":1,\"slidesToScroll\":1,\"touchMove\":true}}]}'><div id=\"cz_59002\" class=\"cz_59002\"><div class=\"cz_grid cz_grid_1 clr cz_grid_carousel cz_grid_1_title_sub_after cz_grid_1_bot tal\" data-atts='{\"action\":\"cz_ajax_posts\",\"post_class\":\"cz_grid_item\",\"post__in\":null,\"author__in\":null,\"nonce\":\"8ec53859b3\",\"nonce_id\":\"cz_59002\",\"loadmore_end\":\"Not found more posts\",\"layout\":\"cz_grid_carousel\",\"hover\":\"cz_grid_1_title_sub_after\",\"image_size\":\"codevz_600_600\",\"subtitles\":\"%5B%7B%22t%22%3A%22date%22%7D%5D\",\"subtitle_pos\":\"\",\"icon\":\"fa fa-search\",\"el\":\"\",\"title_lenght\":\"\",\"cat_tax\":\"category\",\"cat\":\"12\",\"cat_exclude\":\"\",\"tag_tax\":\"post_tag\",\"tag_id\":\"\",\"tag_exclude\":\"\",\"post_type\":\"page\",\"posts_per_page\":\"\",\"order\":\"ASC\",\"orderby\":\"title\",\"tilt_data\":null,\"svg_sizes\":[\"600\",\"600\"],\"img_fx\":\"\",\"custom_size\":\"\",\"excerpt_rm\":false,\"title_tag\":\"h4\",\"s\":\"\",\"lang\":\"en\"}'><div class=\"cz_grid_item cz_grid_first\"><\/div><\/div><\/div><\/div><div data-cz-style='#cz6428 .slick-prev{color:#ffffff;background-color:#0069b5}#cz6428 .slick-next{color:#ffffff;background-color:#0069b5}#cz6428 .slick-list{margin: 0 -5px;clip-path:inset(0 5px 0 5px)}#cz6428 .slick-slide{margin: 0 5px}'><\/div>[\/vc_column][\/vc_row]<\/p>\n","protected":false},"excerpt":{"rendered":"<p>[vc_row content_placement=&#8221;middle&#8221;][vc_column width=&#8221;1\/2&#8243;][vc_column_text]Kako mo\u017eemo u\u010dinkovito koristiti vodu, u\u010diniti je dostupnom i &#8230; <\/p>\n","protected":false},"author":1,"featured_media":204,"parent":601,"menu_order":0,"comment_status":"closed","ping_status":"closed","template":"","meta":[],"categories":[46],"tags":[],"yoast_head":"<!-- This site is optimized with the Yoast SEO plugin v17.2 - https:\/\/yoast.com\/wordpress\/plugins\/seo\/ -->\n<title>Wastewater treatment - HydroTech Consulting - Engineering<\/title>\n<meta name=\"robots\" content=\"index, follow, max-snippet:-1, max-image-preview:large, max-video-preview:-1\" \/>\n<link rel=\"canonical\" href=\"https:\/\/hydrotech.com.hr\/en\/applications\/wastewater-treatment\/\" \/>\n<meta property=\"og:locale\" content=\"en_US\" \/>\n<meta property=\"og:type\" content=\"article\" \/>\n<meta property=\"og:title\" content=\"Wastewater treatment - HydroTech Consulting - Engineering\" \/>\n<meta property=\"og:description\" content=\"[vc_row content_placement=&#8221;middle&#8221;][vc_column width=&#8221;1\/2&#8243;][vc_column_text]Kako mo\u017eemo u\u010dinkovito koristiti vodu, u\u010diniti je dostupnom i ...\" \/>\n<meta property=\"og:url\" content=\"https:\/\/hydrotech.com.hr\/en\/applications\/wastewater-treatment\/\" \/>\n<meta property=\"og:site_name\" content=\"HydroTech Consulting - Engineering\" \/>\n<meta property=\"article:modified_time\" content=\"2021-09-22T09:35:25+00:00\" \/>\n<meta property=\"og:image\" content=\"https:\/\/hydrotech.com.hr\/wp-content\/uploads\/2021\/06\/obrada-otpadnih-voda-i-reus-naslovna.jpg\" \/>\n\t<meta property=\"og:image:width\" content=\"400\" \/>\n\t<meta property=\"og:image:height\" content=\"400\" \/>\n<meta name=\"twitter:card\" content=\"summary_large_image\" \/>\n<meta name=\"twitter:label1\" content=\"Est. reading time\" \/>\n\t<meta name=\"twitter:data1\" content=\"1 minute\" \/>\n<script type=\"application\/ld+json\" class=\"yoast-schema-graph\">{\"@context\":\"https:\/\/schema.org\",\"@graph\":[{\"@type\":\"WebSite\",\"@id\":\"https:\/\/hydrotech.com.hr\/#website\",\"url\":\"https:\/\/hydrotech.com.hr\/\",\"name\":\"HydroTech Consulting - Engineering\",\"description\":\"Idejno rje\\u0161enje web stranice\",\"potentialAction\":[{\"@type\":\"SearchAction\",\"target\":{\"@type\":\"EntryPoint\",\"urlTemplate\":\"https:\/\/hydrotech.com.hr\/?s={search_term_string}\"},\"query-input\":\"required name=search_term_string\"}],\"inLanguage\":\"en-US\"},{\"@type\":\"ImageObject\",\"@id\":\"https:\/\/hydrotech.com.hr\/en\/applications\/wastewater-treatment\/#primaryimage\",\"inLanguage\":\"en-US\",\"url\":\"https:\/\/hydrotech.com.hr\/wp-content\/uploads\/2021\/06\/obrada-otpadnih-voda-i-reus-naslovna.jpg\",\"contentUrl\":\"https:\/\/hydrotech.com.hr\/wp-content\/uploads\/2021\/06\/obrada-otpadnih-voda-i-reus-naslovna.jpg\",\"width\":400,\"height\":400,\"caption\":\"Obrada otpadnih voda i reus\"},{\"@type\":\"WebPage\",\"@id\":\"https:\/\/hydrotech.com.hr\/en\/applications\/wastewater-treatment\/#webpage\",\"url\":\"https:\/\/hydrotech.com.hr\/en\/applications\/wastewater-treatment\/\",\"name\":\"Wastewater treatment - HydroTech Consulting - Engineering\",\"isPartOf\":{\"@id\":\"https:\/\/hydrotech.com.hr\/#website\"},\"primaryImageOfPage\":{\"@id\":\"https:\/\/hydrotech.com.hr\/en\/applications\/wastewater-treatment\/#primaryimage\"},\"datePublished\":\"2021-07-08T12:06:48+00:00\",\"dateModified\":\"2021-09-22T09:35:25+00:00\",\"breadcrumb\":{\"@id\":\"https:\/\/hydrotech.com.hr\/en\/applications\/wastewater-treatment\/#breadcrumb\"},\"inLanguage\":\"en-US\",\"potentialAction\":[{\"@type\":\"ReadAction\",\"target\":[\"https:\/\/hydrotech.com.hr\/en\/applications\/wastewater-treatment\/\"]}]},{\"@type\":\"BreadcrumbList\",\"@id\":\"https:\/\/hydrotech.com.hr\/en\/applications\/wastewater-treatment\/#breadcrumb\",\"itemListElement\":[{\"@type\":\"ListItem\",\"position\":1,\"name\":\"Po\\u010detna stranica\",\"item\":\"https:\/\/hydrotech.com.hr\/en\/\"},{\"@type\":\"ListItem\",\"position\":2,\"name\":\"Applications\",\"item\":\"https:\/\/hydrotech.com.hr\/en\/applications\/\"},{\"@type\":\"ListItem\",\"position\":3,\"name\":\"Wastewater treatment\"}]}]}<\/script>\n<!-- \/ Yoast SEO plugin. -->","yoast_head_json":{"title":"Wastewater treatment - HydroTech Consulting - Engineering","robots":{"index":"index","follow":"follow","max-snippet":"max-snippet:-1","max-image-preview":"max-image-preview:large","max-video-preview":"max-video-preview:-1"},"canonical":"https:\/\/hydrotech.com.hr\/en\/applications\/wastewater-treatment\/","og_locale":"en_US","og_type":"article","og_title":"Wastewater treatment - HydroTech Consulting - Engineering","og_description":"[vc_row content_placement=&#8221;middle&#8221;][vc_column width=&#8221;1\/2&#8243;][vc_column_text]Kako mo\u017eemo u\u010dinkovito koristiti vodu, u\u010diniti je dostupnom i ...","og_url":"https:\/\/hydrotech.com.hr\/en\/applications\/wastewater-treatment\/","og_site_name":"HydroTech Consulting - Engineering","article_modified_time":"2021-09-22T09:35:25+00:00","og_image":[{"width":400,"height":400,"url":"https:\/\/hydrotech.com.hr\/wp-content\/uploads\/2021\/06\/obrada-otpadnih-voda-i-reus-naslovna.jpg","path":"\/home\/hrvoyka\/public_html\/wp-content\/uploads\/2021\/06\/obrada-otpadnih-voda-i-reus-naslovna.jpg","size":"full","id":204,"alt":"Obrada otpadnih voda i reus","pixels":160000,"type":"image\/jpeg"}],"twitter_card":"summary_large_image","twitter_misc":{"Est. reading time":"1 minute"},"schema":{"@context":"https:\/\/schema.org","@graph":[{"@type":"WebSite","@id":"https:\/\/hydrotech.com.hr\/#website","url":"https:\/\/hydrotech.com.hr\/","name":"HydroTech Consulting - Engineering","description":"Idejno rje\u0161enje web stranice","potentialAction":[{"@type":"SearchAction","target":{"@type":"EntryPoint","urlTemplate":"https:\/\/hydrotech.com.hr\/?s={search_term_string}"},"query-input":"required name=search_term_string"}],"inLanguage":"en-US"},{"@type":"ImageObject","@id":"https:\/\/hydrotech.com.hr\/en\/applications\/wastewater-treatment\/#primaryimage","inLanguage":"en-US","url":"https:\/\/hydrotech.com.hr\/wp-content\/uploads\/2021\/06\/obrada-otpadnih-voda-i-reus-naslovna.jpg","contentUrl":"https:\/\/hydrotech.com.hr\/wp-content\/uploads\/2021\/06\/obrada-otpadnih-voda-i-reus-naslovna.jpg","width":400,"height":400,"caption":"Obrada otpadnih voda i reus"},{"@type":"WebPage","@id":"https:\/\/hydrotech.com.hr\/en\/applications\/wastewater-treatment\/#webpage","url":"https:\/\/hydrotech.com.hr\/en\/applications\/wastewater-treatment\/","name":"Wastewater treatment - HydroTech Consulting - Engineering","isPartOf":{"@id":"https:\/\/hydrotech.com.hr\/#website"},"primaryImageOfPage":{"@id":"https:\/\/hydrotech.com.hr\/en\/applications\/wastewater-treatment\/#primaryimage"},"datePublished":"2021-07-08T12:06:48+00:00","dateModified":"2021-09-22T09:35:25+00:00","breadcrumb":{"@id":"https:\/\/hydrotech.com.hr\/en\/applications\/wastewater-treatment\/#breadcrumb"},"inLanguage":"en-US","potentialAction":[{"@type":"ReadAction","target":["https:\/\/hydrotech.com.hr\/en\/applications\/wastewater-treatment\/"]}]},{"@type":"BreadcrumbList","@id":"https:\/\/hydrotech.com.hr\/en\/applications\/wastewater-treatment\/#breadcrumb","itemListElement":[{"@type":"ListItem","position":1,"name":"Po\u010detna stranica","item":"https:\/\/hydrotech.com.hr\/en\/"},{"@type":"ListItem","position":2,"name":"Applications","item":"https:\/\/hydrotech.com.hr\/en\/applications\/"},{"@type":"ListItem","position":3,"name":"Wastewater treatment"}]}]}},"_links":{"self":[{"href":"https:\/\/hydrotech.com.hr\/en\/wp-json\/wp\/v2\/pages\/539"}],"collection":[{"href":"https:\/\/hydrotech.com.hr\/en\/wp-json\/wp\/v2\/pages"}],"about":[{"href":"https:\/\/hydrotech.com.hr\/en\/wp-json\/wp\/v2\/types\/page"}],"author":[{"embeddable":true,"href":"https:\/\/hydrotech.com.hr\/en\/wp-json\/wp\/v2\/users\/1"}],"replies":[{"embeddable":true,"href":"https:\/\/hydrotech.com.hr\/en\/wp-json\/wp\/v2\/comments?post=539"}],"version-history":[{"count":2,"href":"https:\/\/hydrotech.com.hr\/en\/wp-json\/wp\/v2\/pages\/539\/revisions"}],"predecessor-version":[{"id":722,"href":"https:\/\/hydrotech.com.hr\/en\/wp-json\/wp\/v2\/pages\/539\/revisions\/722"}],"up":[{"embeddable":true,"href":"https:\/\/hydrotech.com.hr\/en\/wp-json\/wp\/v2\/pages\/601"}],"wp:featuredmedia":[{"embeddable":true,"href":"https:\/\/hydrotech.com.hr\/en\/wp-json\/wp\/v2\/media\/204"}],"wp:attachment":[{"href":"https:\/\/hydrotech.com.hr\/en\/wp-json\/wp\/v2\/media?parent=539"}],"wp:term":[{"taxonomy":"category","embeddable":true,"href":"https:\/\/hydrotech.com.hr\/en\/wp-json\/wp\/v2\/categories?post=539"},{"taxonomy":"post_tag","embeddable":true,"href":"https:\/\/hydrotech.com.hr\/en\/wp-json\/wp\/v2\/tags?post=539"}],"curies":[{"name":"wp","href":"https:\/\/api.w.org\/{rel}","templated":true}]}}