{"id":524,"date":"2021-07-08T10:10:52","date_gmt":"2021-07-08T10:10:52","guid":{"rendered":"https:\/\/hydrotech.com.hr\/tretman-procjednih-voda\/"},"modified":"2021-09-22T09:38:04","modified_gmt":"2021-09-22T09:38:04","slug":"leachate-treatment","status":"publish","type":"page","link":"https:\/\/hydrotech.com.hr\/en\/applications\/leachate-treatment\/","title":{"rendered":"Leachate treatment"},"content":{"rendered":"<p>[vc_row content_placement=&#8221;middle&#8221;][vc_column width=&#8221;1\/2&#8243;][vc_column_text]Procjedne vode s odlagali\u0161ta otpada sastavni je dio otpada na odlagali\u0161tu. Obi\u010dno nastaje od ki\u0161nice koja ulazi na odlagali\u0161te otpada, ali je i posljedica prirodnog raspadanja organskog materijala zajedno s ostalim teku\u0107inama i kemikalijama koje su odba\u010dene.<\/p>\n<p>Ki\u0161nica prolazi kroz otpad na odlagali\u0161tu i ako odlagali\u0161te nije pravilno postavljeno ili se procjednim vodama ne upravlja na odgovaraju\u0107i na\u010din, postoji rizik od mije\u0161anja s podzemnom vodom u blizini lokacije.<\/p>\n<p>Va\u017eno je znati sastav one\u010di\u0161\u0107uju\u0107ih tvari danih procjednih voda, kako bi se mogli ugraditi odgovaraju\u0107i sustavi pro\u010di\u0161\u0107avanja za njihovo smanjenje \/ uklanjanje.[\/vc_column_text][\/vc_column][vc_column width=&#8221;1\/2&#8243;]<div id=\"cz_59463\" class=\"cz_59463 cz_image clr cz_image_no_fx center_on_mobile\"><div class=\"cz_svg_bg\" ><div class=\"cz_image_in\"><div class=\"cz_main_image\"><img width=\"624\" height=\"400\" src=\"data:image\/svg+xml,%3Csvg%20xmlns%3D&#39;http%3A%2F%2Fwww.w3.org%2F2000%2Fsvg&#39;%20width=&#39;624&#39;%20height=&#39;400&#39;%20viewBox%3D&#39;0%200%20624%20400&#39;%2F%3E\" data-czlz data-src=\"https:\/\/hydrotech.com.hr\/wp-content\/uploads\/2021\/07\/tretman-procjednih-voda.jpg\" class=\"attachment-full\" alt=\"Tretman procjednih voda\" data-srcset=\"https:\/\/hydrotech.com.hr\/wp-content\/uploads\/2021\/07\/tretman-procjednih-voda.jpg 624w, https:\/\/hydrotech.com.hr\/wp-content\/uploads\/2021\/07\/tretman-procjednih-voda-300x192.jpg 300w, https:\/\/hydrotech.com.hr\/wp-content\/uploads\/2021\/07\/tretman-procjednih-voda-600x385.jpg 600w\" data-sizes=\"(max-width: 624px) 100vw, 624px\" \/><\/div><\/div><\/div><\/div>[\/vc_column][\/vc_row][vc_row full_width=&#8221;stretch_row&#8221; css=&#8221;.vc_custom_1625739871074{margin-top: 60px !important;padding-top: 90px !important;padding-bottom: 60px !important;background-color: #f4f4f4 !important;}&#8221;][vc_column width=&#8221;1\/2&#8243;][vc_column_text]Procjedne vode se sastoje od organskih i anorganskih tvari. Organske tvari sastoje se od mikroorganizama, njihovih metaboli\u010dkih proizvoda i materijala iz \u017eivih organizama koji propadaju. Anorganske one\u010di\u0161\u0107uju\u0107e tvari u procjednoj vodi sastoje se od amonijaka, fosfora, sulfata i metala. Uz gore spomenute tvari, procjedne vode sadr\u017ee i mnoge druge koje su nepo\u017eeljne zbog svog negativnog utjecaja na okoli\u0161 i ljudski \u017eivot.<\/p>\n<p>Procjedne vode ve\u0107inom pridonose problemima u obradi otpadnih voda.<\/p>\n<p>Zna\u010dajne koli\u010dine <span class=\"hascheck-corrected\" data-error-id=\"0\">procjednih<\/span> voda u Europi sakupljaju se i prevoze na pro\u010di\u0161\u0107avanje izvan mjesta, u komunalnim postrojenjima za pro\u010di\u0161\u0107avanje otpadnih voda. Ova su postrojenja uglavnom suo\u010dena s ozbiljnim izazovima kapaciteta zbog pove\u0107anih standarda ispu\u0161tanja.[\/vc_column_text][\/vc_column][vc_column width=&#8221;1\/2&#8243;]<div id=\"cz_69117\" class=\"cz_69117 cz_title clr cz_smart_fs cz_title_ba_line cz_title_pos_inline\"><div class=\"cz_title_content\"><div class=\"cz_wpe_content\"><h4>Koje su mogu\u0107nosti tretmana?<\/h4>\n<\/div><div class=\"cz_title_line cz_line_after_title\"><span>_<\/span><\/div><\/div><\/div>[vc_column_text]Mnogi procesi mogu se koristiti u obradi procjednih voda odlagali\u0161ta otpada. Izbor postupka obrade ovisi o standardu ispu\u0161tanja koji se mora posti\u0107i, u\u010dinkovitosti postupka, brzinama uklanjanja one\u010di\u0161\u0107uju\u0107ih tvari, kao i instalaciji, radu i odr\u017eavanju.[\/vc_column_text]<div id=\"cz_26806\" class=\"cz_26806 cz_title clr cz_smart_fs cz_title_ba_line cz_title_pos_inline\"><div class=\"cz_title_content\"><div class=\"cz_wpe_content\"><h4>Glavni postupci uklju\u010duju:<\/h4>\n<\/div><div class=\"cz_title_line cz_line_after_title\"><span>_<\/span><\/div><\/div><\/div><ul id=\"cz_94643\" class=\"cz_94643 cz_stylish_list clr cz_sl_icon_hover_zoom_in\"><li class=\"clr\"><div class=\"cz_sl_icon\"><i class=\"fa czico-193-checked mr10\" ><\/i><\/div><div><span>Biolo\u0161ka obrada (aerobna i anaerobna)<\/span><\/div><\/li><li class=\"clr\"><div class=\"cz_sl_icon\"><i class=\"fa czico-193-checked mr10\" ><\/i><\/div><div><span>Kemijska \/ fizikalna obrada (flotacija, koagulacija \/ flokulacija, kemijsko talo\u017eenje, adsorpcija, uklanjanje amonijaka, kemijska oksidacija, izmjena iona i elektrokemijska obrada)<\/span><\/div><\/li><li class=\"clr\"><div class=\"cz_sl_icon\"><i class=\"fa czico-193-checked mr10\" ><\/i><\/div><div><span>Membranska filtracija (mikrofiltracija, ultrafiltracija, nano-filtracija i reverzna osmoza).<\/span><\/div><\/li><\/ul>[\/vc_column][\/vc_row]<\/p>\n","protected":false},"excerpt":{"rendered":"<p>[vc_row content_placement=&#8221;middle&#8221;][vc_column width=&#8221;1\/2&#8243;][vc_column_text]Procjedne vode s odlagali\u0161ta otpada sastavni je dio otpada &#8230; <\/p>\n","protected":false},"author":1,"featured_media":238,"parent":601,"menu_order":0,"comment_status":"closed","ping_status":"closed","template":"","meta":[],"categories":[35,35,35,35,35,35,35,35,35,35,35,45],"tags":[],"yoast_head":"<!-- This site is optimized with the Yoast SEO plugin v17.2 - https:\/\/yoast.com\/wordpress\/plugins\/seo\/ -->\n<title>Leachate treatment - HydroTech Consulting - Engineering<\/title>\n<meta name=\"robots\" content=\"index, follow, max-snippet:-1, max-image-preview:large, max-video-preview:-1\" \/>\n<link rel=\"canonical\" href=\"https:\/\/hydrotech.com.hr\/en\/applications\/leachate-treatment\/\" \/>\n<meta property=\"og:locale\" content=\"en_US\" \/>\n<meta property=\"og:type\" content=\"article\" \/>\n<meta property=\"og:title\" content=\"Leachate treatment - HydroTech Consulting - Engineering\" \/>\n<meta property=\"og:description\" content=\"[vc_row content_placement=&#8221;middle&#8221;][vc_column width=&#8221;1\/2&#8243;][vc_column_text]Procjedne vode s odlagali\u0161ta otpada sastavni je dio otpada ...\" \/>\n<meta property=\"og:url\" content=\"https:\/\/hydrotech.com.hr\/en\/applications\/leachate-treatment\/\" \/>\n<meta property=\"og:site_name\" content=\"HydroTech Consulting - Engineering\" \/>\n<meta property=\"article:modified_time\" content=\"2021-09-22T09:38:04+00:00\" \/>\n<meta property=\"og:image\" content=\"https:\/\/hydrotech.com.hr\/wp-content\/uploads\/2021\/07\/tretman-procjednih-voda-1.jpg\" \/>\n\t<meta property=\"og:image:width\" content=\"400\" \/>\n\t<meta property=\"og:image:height\" content=\"400\" \/>\n<meta name=\"twitter:card\" content=\"summary_large_image\" \/>\n<meta name=\"twitter:label1\" content=\"Est. reading time\" \/>\n\t<meta name=\"twitter:data1\" content=\"3 minutes\" \/>\n<script type=\"application\/ld+json\" class=\"yoast-schema-graph\">{\"@context\":\"https:\/\/schema.org\",\"@graph\":[{\"@type\":\"WebSite\",\"@id\":\"https:\/\/hydrotech.com.hr\/#website\",\"url\":\"https:\/\/hydrotech.com.hr\/\",\"name\":\"HydroTech Consulting - Engineering\",\"description\":\"Idejno rje\\u0161enje web stranice\",\"potentialAction\":[{\"@type\":\"SearchAction\",\"target\":{\"@type\":\"EntryPoint\",\"urlTemplate\":\"https:\/\/hydrotech.com.hr\/?s={search_term_string}\"},\"query-input\":\"required name=search_term_string\"}],\"inLanguage\":\"en-US\"},{\"@type\":\"ImageObject\",\"@id\":\"https:\/\/hydrotech.com.hr\/en\/applications\/leachate-treatment\/#primaryimage\",\"inLanguage\":\"en-US\",\"url\":\"https:\/\/hydrotech.com.hr\/wp-content\/uploads\/2021\/07\/tretman-procjednih-voda-1.jpg\",\"contentUrl\":\"https:\/\/hydrotech.com.hr\/wp-content\/uploads\/2021\/07\/tretman-procjednih-voda-1.jpg\",\"width\":400,\"height\":400,\"caption\":\"Tretman procjednih voda\"},{\"@type\":\"WebPage\",\"@id\":\"https:\/\/hydrotech.com.hr\/en\/applications\/leachate-treatment\/#webpage\",\"url\":\"https:\/\/hydrotech.com.hr\/en\/applications\/leachate-treatment\/\",\"name\":\"Leachate treatment - HydroTech Consulting - Engineering\",\"isPartOf\":{\"@id\":\"https:\/\/hydrotech.com.hr\/#website\"},\"primaryImageOfPage\":{\"@id\":\"https:\/\/hydrotech.com.hr\/en\/applications\/leachate-treatment\/#primaryimage\"},\"datePublished\":\"2021-07-08T10:10:52+00:00\",\"dateModified\":\"2021-09-22T09:38:04+00:00\",\"breadcrumb\":{\"@id\":\"https:\/\/hydrotech.com.hr\/en\/applications\/leachate-treatment\/#breadcrumb\"},\"inLanguage\":\"en-US\",\"potentialAction\":[{\"@type\":\"ReadAction\",\"target\":[\"https:\/\/hydrotech.com.hr\/en\/applications\/leachate-treatment\/\"]}]},{\"@type\":\"BreadcrumbList\",\"@id\":\"https:\/\/hydrotech.com.hr\/en\/applications\/leachate-treatment\/#breadcrumb\",\"itemListElement\":[{\"@type\":\"ListItem\",\"position\":1,\"name\":\"Po\\u010detna stranica\",\"item\":\"https:\/\/hydrotech.com.hr\/en\/\"},{\"@type\":\"ListItem\",\"position\":2,\"name\":\"Applications\",\"item\":\"https:\/\/hydrotech.com.hr\/en\/applications\/\"},{\"@type\":\"ListItem\",\"position\":3,\"name\":\"Leachate treatment\"}]}]}<\/script>\n<!-- \/ Yoast SEO plugin. -->","yoast_head_json":{"title":"Leachate treatment - HydroTech Consulting - Engineering","robots":{"index":"index","follow":"follow","max-snippet":"max-snippet:-1","max-image-preview":"max-image-preview:large","max-video-preview":"max-video-preview:-1"},"canonical":"https:\/\/hydrotech.com.hr\/en\/applications\/leachate-treatment\/","og_locale":"en_US","og_type":"article","og_title":"Leachate treatment - HydroTech Consulting - Engineering","og_description":"[vc_row content_placement=&#8221;middle&#8221;][vc_column width=&#8221;1\/2&#8243;][vc_column_text]Procjedne vode s odlagali\u0161ta otpada sastavni je dio otpada ...","og_url":"https:\/\/hydrotech.com.hr\/en\/applications\/leachate-treatment\/","og_site_name":"HydroTech Consulting - Engineering","article_modified_time":"2021-09-22T09:38:04+00:00","og_image":[{"width":400,"height":400,"url":"https:\/\/hydrotech.com.hr\/wp-content\/uploads\/2021\/07\/tretman-procjednih-voda-1.jpg","path":"\/home\/hrvoyka\/public_html\/wp-content\/uploads\/2021\/07\/tretman-procjednih-voda-1.jpg","size":"full","id":238,"alt":"Tretman procjednih voda","pixels":160000,"type":"image\/jpeg"}],"twitter_card":"summary_large_image","twitter_misc":{"Est. reading time":"3 minutes"},"schema":{"@context":"https:\/\/schema.org","@graph":[{"@type":"WebSite","@id":"https:\/\/hydrotech.com.hr\/#website","url":"https:\/\/hydrotech.com.hr\/","name":"HydroTech Consulting - Engineering","description":"Idejno rje\u0161enje web stranice","potentialAction":[{"@type":"SearchAction","target":{"@type":"EntryPoint","urlTemplate":"https:\/\/hydrotech.com.hr\/?s={search_term_string}"},"query-input":"required name=search_term_string"}],"inLanguage":"en-US"},{"@type":"ImageObject","@id":"https:\/\/hydrotech.com.hr\/en\/applications\/leachate-treatment\/#primaryimage","inLanguage":"en-US","url":"https:\/\/hydrotech.com.hr\/wp-content\/uploads\/2021\/07\/tretman-procjednih-voda-1.jpg","contentUrl":"https:\/\/hydrotech.com.hr\/wp-content\/uploads\/2021\/07\/tretman-procjednih-voda-1.jpg","width":400,"height":400,"caption":"Tretman procjednih voda"},{"@type":"WebPage","@id":"https:\/\/hydrotech.com.hr\/en\/applications\/leachate-treatment\/#webpage","url":"https:\/\/hydrotech.com.hr\/en\/applications\/leachate-treatment\/","name":"Leachate treatment - HydroTech Consulting - Engineering","isPartOf":{"@id":"https:\/\/hydrotech.com.hr\/#website"},"primaryImageOfPage":{"@id":"https:\/\/hydrotech.com.hr\/en\/applications\/leachate-treatment\/#primaryimage"},"datePublished":"2021-07-08T10:10:52+00:00","dateModified":"2021-09-22T09:38:04+00:00","breadcrumb":{"@id":"https:\/\/hydrotech.com.hr\/en\/applications\/leachate-treatment\/#breadcrumb"},"inLanguage":"en-US","potentialAction":[{"@type":"ReadAction","target":["https:\/\/hydrotech.com.hr\/en\/applications\/leachate-treatment\/"]}]},{"@type":"BreadcrumbList","@id":"https:\/\/hydrotech.com.hr\/en\/applications\/leachate-treatment\/#breadcrumb","itemListElement":[{"@type":"ListItem","position":1,"name":"Po\u010detna stranica","item":"https:\/\/hydrotech.com.hr\/en\/"},{"@type":"ListItem","position":2,"name":"Applications","item":"https:\/\/hydrotech.com.hr\/en\/applications\/"},{"@type":"ListItem","position":3,"name":"Leachate treatment"}]}]}},"_links":{"self":[{"href":"https:\/\/hydrotech.com.hr\/en\/wp-json\/wp\/v2\/pages\/524"}],"collection":[{"href":"https:\/\/hydrotech.com.hr\/en\/wp-json\/wp\/v2\/pages"}],"about":[{"href":"https:\/\/hydrotech.com.hr\/en\/wp-json\/wp\/v2\/types\/page"}],"author":[{"embeddable":true,"href":"https:\/\/hydrotech.com.hr\/en\/wp-json\/wp\/v2\/users\/1"}],"replies":[{"embeddable":true,"href":"https:\/\/hydrotech.com.hr\/en\/wp-json\/wp\/v2\/comments?post=524"}],"version-history":[{"count":2,"href":"https:\/\/hydrotech.com.hr\/en\/wp-json\/wp\/v2\/pages\/524\/revisions"}],"predecessor-version":[{"id":726,"href":"https:\/\/hydrotech.com.hr\/en\/wp-json\/wp\/v2\/pages\/524\/revisions\/726"}],"up":[{"embeddable":true,"href":"https:\/\/hydrotech.com.hr\/en\/wp-json\/wp\/v2\/pages\/601"}],"wp:featuredmedia":[{"embeddable":true,"href":"https:\/\/hydrotech.com.hr\/en\/wp-json\/wp\/v2\/media\/238"}],"wp:attachment":[{"href":"https:\/\/hydrotech.com.hr\/en\/wp-json\/wp\/v2\/media?parent=524"}],"wp:term":[{"taxonomy":"category","embeddable":true,"href":"https:\/\/hydrotech.com.hr\/en\/wp-json\/wp\/v2\/categories?post=524"},{"taxonomy":"post_tag","embeddable":true,"href":"https:\/\/hydrotech.com.hr\/en\/wp-json\/wp\/v2\/tags?post=524"}],"curies":[{"name":"wp","href":"https:\/\/api.w.org\/{rel}","templated":true}]}}